{"id":10,"date":"2017-07-03T16:32:32","date_gmt":"2017-07-03T07:32:32","guid":{"rendered":"https:\/\/www.isee.kyushu-u.ac.jp\/newhp\/e\/?page_id=10"},"modified":"2018-02-04T18:28:52","modified_gmt":"2018-02-04T09:28:52","slug":"institutions","status":"publish","type":"page","link":"https:\/\/www.isee.kyushu-u.ac.jp\/e\/institutions.html","title":{"rendered":"International Institutions with Exchange Agreements with ISEE"},"content":{"rendered":"<p style=\"text-align: right;\">As of December 2010<\/p>\n<h3>China<\/h3>\n<ul>\n<li>University of Science and Technology Beijing<\/li>\n<\/ul>\n<h3>Czech<\/h3>\n<ul>\n<li>V\u0160B-Technical University of Ostrava<\/li>\n<\/ul>\n<h3>Egypt<\/h3>\n<ul>\n<li>Mansoura University, Faculty of Engineering<\/li>\n<li>Tanta University, Faculty of Engineering<\/li>\n<\/ul>\n<h3>France<\/h3>\n<ul>\n<li>French Institute for Advanced Mechanics (IFMA)<\/li>\n<li>L&#8217;Ecole Nationale Sup\u00e9rieure d&#8217;Electrotechnique, d&#8217;Electronique, d&#8217;Informatique, d&#8217;Hydraulique et des T\u00e9l\u00e9communications de Toulouse<\/li>\n<li>National Institute of Applied Sciences Lyon (INSA Lyon)<\/li>\n<li>Universite des Sciences et Technologies de Lille<\/li>\n<\/ul>\n<h3>Germany<\/h3>\n<ul>\n<li>Max-Planck-Institute for Plasma Physics<\/li>\n<li>University of Duisburg-Essen, Department of Civil Engineering, Department of Engineering Sciences, Department of Biology and Geography, Department of Chemistry<\/li>\n<li>University of Hannover, Faculty of Mechanical Engineering<\/li>\n<\/ul>\n<h3>Indonesia<\/h3>\n<ul>\n<li>Institut Teknologi Bandung<\/li>\n<li>University of Hasanuddin, Faculty of Engineering<\/li>\n<\/ul>\n<h3>Israel<\/h3>\n<ul>\n<li>Technion-Israel Institute of Technology<\/li>\n<\/ul>\n<h3>Korea<\/h3>\n<ul>\n<li>Korea Advanced Institute of Science and Technology, College of Engineering, College of Information Science and Technology<\/li>\n<li>Korea Maritime University, College of Ocean Science and Technology, College of Engineering<\/li>\n<li>Kwangwoon University, The Plasma Biosciences Research Center and PDP Research Center<\/li>\n<li>Pukyong National University, College of Engineering<\/li>\n<li>Yeungnam University, College of Engineering<\/li>\n<\/ul>\n<h3>Malaysia<\/h3>\n<ul>\n<li>Universiti Teknologi Malaysia<\/li>\n<\/ul>\n<h3>Mongolia<\/h3>\n<ul>\n<li>Mongolian University of Science and Technology (MUST), School of Mining Engineering, School of Geology and Petroleum Engineering, School of Power Engineering<\/li>\n<\/ul>\n<h3>Sweden<\/h3>\n<ul>\n<li>Link\u00f6ping University, Institute of Technology<\/li>\n<\/ul>\n<h3>USA<\/h3>\n<ul>\n<li>University of California San Diego, Division of Physical Sciences, Scripps Institution of Oceanography, Division of Engineering<\/li>\n<li>University of Washington, College of Engineering<\/li>\n<li>Virginia Polytechnic Institute and State University<\/li>\n<\/ul>\n","protected":false},"excerpt":{"rendered":"<p>As of December 2010 China University of Science and Technology Beijing Czech V\u0160B-Technical University of Ostra [&hellip;]<\/p>\n","protected":false},"author":1,"featured_media":0,"parent":2,"menu_order":9,"comment_status":"closed","ping_status":"closed","template":"","meta":{"swell_btn_cv_data":"","footnotes":""},"class_list":["post-10","page","type-page","status-publish","hentry"],"publishpress_future_action":{"enabled":false,"date":"2026-04-25 05:10:25","action":"change-status","newStatus":"draft","terms":[],"taxonomy":""},"publishpress_future_workflow_manual_trigger":{"enabledWorkflows":[]},"_links":{"self":[{"href":"https:\/\/www.isee.kyushu-u.ac.jp\/e\/wp-json\/wp\/v2\/pages\/10","targetHints":{"allow":["GET"]}}],"collection":[{"href":"https:\/\/www.isee.kyushu-u.ac.jp\/e\/wp-json\/wp\/v2\/pages"}],"about":[{"href":"https:\/\/www.isee.kyushu-u.ac.jp\/e\/wp-json\/wp\/v2\/types\/page"}],"author":[{"embeddable":true,"href":"https:\/\/www.isee.kyushu-u.ac.jp\/e\/wp-json\/wp\/v2\/users\/1"}],"replies":[{"embeddable":true,"href":"https:\/\/www.isee.kyushu-u.ac.jp\/e\/wp-json\/wp\/v2\/comments?post=10"}],"version-history":[{"count":2,"href":"https:\/\/www.isee.kyushu-u.ac.jp\/e\/wp-json\/wp\/v2\/pages\/10\/revisions"}],"predecessor-version":[{"id":149,"href":"https:\/\/www.isee.kyushu-u.ac.jp\/e\/wp-json\/wp\/v2\/pages\/10\/revisions\/149"}],"up":[{"embeddable":true,"href":"https:\/\/www.isee.kyushu-u.ac.jp\/e\/wp-json\/wp\/v2\/pages\/2"}],"wp:attachment":[{"href":"https:\/\/www.isee.kyushu-u.ac.jp\/e\/wp-json\/wp\/v2\/media?parent=10"}],"curies":[{"name":"wp","href":"https:\/\/api.w.org\/{rel}","templated":true}]}}